{"id":805,"date":"2024-01-31T14:35:28","date_gmt":"2024-01-31T12:35:28","guid":{"rendered":"https:\/\/hamor.wameleon.com\/termeni-si-conditii\/"},"modified":"2024-03-28T14:14:16","modified_gmt":"2024-03-28T12:14:16","slug":"termeni-si-conditii","status":"publish","type":"page","link":"https:\/\/hamorform.ro\/hu\/termeni-si-conditii\/","title":{"rendered":"Felhaszn\u00e1l\u00e1si felt\u00e9telek"},"content":{"rendered":"<p><strong>1. Bemutatkoz\u00e1s:<\/strong><\/p>\n<p>Jelen \u00c1ltal\u00e1nos Szerz\u0151d\u00e9si Felt\u00e9telek (&#8222;\u00c1ltal\u00e1nos Szerz\u0151d\u00e9si Felt\u00e9telek&#8221;) szab\u00e1lyozz\u00e1k a Hamorform Industry SRL, egy korl\u00e1tolt felel\u0151ss\u00e9g\u0171 t\u00e1rsas\u00e1g k\u00f6z\u00f6tti kapcsolatot, amelynek sz\u00e9khelye Szentegyh\u00e1za, Strand utca 88. sz\u00e1m, Hargita megye, Rom\u00e1nia (a tov\u00e1bbiakban: T\u00e1rsas\u00e1g) a C\u00e9gjegyz\u00e9kben a sz\u00e1mon bejegyzett. J19\/497\/2018, amelynek C.I.F.\/C.U.I. nem. 40029090 \u00e9s a www.hamorform.ro weboldalt (a tov\u00e1bbiakban: &#8222;webhely&#8221;) haszn\u00e1l\u00f3 szem\u00e9lyek (a \u201eFelhaszn\u00e1l\u00f3\u201d).<\/p>\n<p>A weboldal el\u00e9r\u00e9se \u00e9s haszn\u00e1lata, bele\u00e9rtve annak b\u00e1rmely oldal\u00e1t vagy elemr\u00e9sz\u00e9t, csak a jelen \u00c1ltal\u00e1nos Szerz\u0151d\u00e9si Felt\u00e9telekkel \u00f6sszhangban t\u00f6rt\u00e9nhet, amelyek magukban foglalj\u00e1k az Adatv\u00e9delmi szab\u00e1lyzatot \u00e9s a Cookie-kra vonatkoz\u00f3 szab\u00e1lyzatot. A weboldal haszn\u00e1lat\u00e1hoz megk\u00e9rhetj\u00fck a felhaszn\u00e1l\u00f3t, hogy kifejezze a jelen felt\u00e9telekkel val\u00f3 egyet\u00e9rt\u00e9s\u00e9t egy konkr\u00e9t, egy\u00e9rtelm\u0171 beleegyez\u00e9s \u00e9rtelm\u0171 cselekv\u00e9ssel (p\u00e9ld\u00e1ul az \u201eElolvastam \u00e9s elfogadom a FELT\u00c9TELEK T\u00e1rsas\u00e1g&#8221;).<\/p>\n<p>Egy adott n\u00e9gyzet bejel\u00f6l\u00e9s\u00e9vel a felhaszn\u00e1l\u00f3:<\/p>\n<p>Kifejezetten beleegyezik abba, hogy betartja a jelen (&#8222;\u00c1ltal\u00e1nos Szerz\u0151d\u00e9si Felt\u00e9telek&#8221;) valamennyi pontj\u00e1t;<br \/>\nIsmerje meg a szem\u00e9lyes adatok kezel\u00e9s\u00e9nek felt\u00e9teleit a T\u00e1rsas\u00e1g adatv\u00e9delmi szab\u00e1lyzat\u00e1val \u00f6sszhangban.<br \/>\nHa nem \u00e9rt egyet a jelen \u00c1ltal\u00e1nos Szerz\u0151d\u00e9si Felt\u00e9telek rendelkez\u00e9seivel (bele\u00e9rtve azok friss\u00edt\u00e9s\u00e9t), k\u00e9rj\u00fck, ne haszn\u00e1lja, vagy adott esetben hagyja abba a weboldal haszn\u00e1lat\u00e1t.<\/p>\n<p><strong>2. A weboldal tartalm\u00e1t \u00e9rint\u0151 v\u00e1ltoz\u00e1sok:<\/strong><\/p>\n<p>A Hamorform Industry SRL c\u00e9g fenntartja a jogot, hogy a weboldal tartalm\u00e1t \u00e9s\/vagy szerkezet\u00e9t b\u00e1rmikor, el\u0151zetes t\u00e1j\u00e9koztat\u00e1s n\u00e9lk\u00fcl m\u00f3dos\u00edtsa.<\/p>\n<p><strong>3. A garancia hi\u00e1nya \u00e9s a felel\u0151ss\u00e9g kiz\u00e1r\u00e1sa:<\/strong><\/p>\n<p>A Hamorform Industry SRL c\u00e9g nem garant\u00e1lja, hogy az ezen a weboldalon megjelen\u0151 inform\u00e1ci\u00f3k nem tartalmaznak hib\u00e1kat, b\u00e1r a c\u00e9g mindent megtesz a naprak\u00e9sz \u00e9s pontos inform\u00e1ci\u00f3k tov\u00e1bb\u00edt\u00e1sa \u00e9rdek\u00e9ben.<\/p>\n<p>A Hamorform Industry SRL c\u00e9g nem tehet\u0151 jogilag felel\u0151ss\u00e9 a weboldal haszn\u00e1l\u00f3j\u00e1nak okozott, t\u00e9ves adatokb\u00f3l ered\u0151 k\u00e1rok\u00e9rt, vesztes\u00e9g\u00e9rt vagy vesztes\u00e9gek\u00e9rt. A weboldalon tal\u00e1lhat\u00f3 inform\u00e1ci\u00f3k b\u00e1rmikor m\u00f3dos\u00edthat\u00f3k, \u00e9s nem v\u00e1llalunk garanci\u00e1t a k\u00f6zz\u00e9tett inform\u00e1ci\u00f3k pontoss\u00e1g\u00e1\u00e9rt, id\u0151szer\u0171s\u00e9g\u00e9\u00e9rt vagy teljess\u00e9g\u00e9\u00e9rt.<\/p>\n<p>A Hamorform Industry SRL c\u00e9g nem garant\u00e1lja, hogy a webhely vagy a szerverek, amelyeken t\u00e1rolj\u00e1k, mentesek v\u00edrusokt\u00f3l vagy m\u00e1s potenci\u00e1lisan k\u00e1ros sz\u00e1m\u00edt\u00f3g\u00e9p-\u00f6sszetev\u0151kt\u0151l, hogy nem tartalmaznak hib\u00e1kat, kihagy\u00e1sokat, hib\u00e1kat, k\u00e9s\u00e9seket vagy megszak\u00edt\u00e1sokat a m\u0171k\u00f6d\u00e9sben vagy az \u00e1tvitelben vagy b\u00e1rmilyen egy\u00e9b hasonl\u00f3 t\u00e9nyez\u0151k.<\/p>\n<p>A felhaszn\u00e1l\u00f3 a weboldalt saj\u00e1t kock\u00e1zat\u00e1ra haszn\u00e1lja, a T\u00e1rsas\u00e1g mentes\u00fcl minden felel\u0151ss\u00e9g al\u00f3l a weboldal haszn\u00e1lat\u00e1val, el\u00e9r\u00e9s\u00e9vel vagy l\u00e1togat\u00e1s\u00e1val okozott k\u00f6zvetlen vagy k\u00f6zvetett k\u00e1rok\u00e9rt.<\/p>\n<p><strong>4. Szellemi tulajdonjogok:<\/strong><\/p>\n<p>A T\u00e1rsas\u00e1g weboldal\u00e1nak tartalma: k\u00e9pek, sz\u00f6vegek, webes grafikai elemek, szkriptek, szoftverek, formatervez\u00e9si jogok, modelljogok, szabadalmak, v\u00e9djegyek stb. a Hamorform Industry SRL vagy munkat\u00e1rsai tulajdon\u00e1t k\u00e9pezik, \u00e9s a szerz\u0151i jogi t\u00f6rv\u00e9ny v\u00e9di. valamint a kapcsol\u00f3d\u00f3 jogok, valamint a szellemi \u00e9s ipari tulajdonra vonatkoz\u00f3 t\u00f6rv\u00e9nyek.<\/p>\n<p>A fent felsorolt \u200b\u200belemeknek a T\u00e1rsas\u00e1g \u00edr\u00e1sbeli hozz\u00e1j\u00e1rul\u00e1sa n\u00e9lk\u00fcl t\u00f6rt\u00e9n\u0151 felhaszn\u00e1l\u00e1sa a hat\u00e1lyos jogszab\u00e1lyok szerint b\u00fcntetend\u0151.<\/p>\n<p>K\u00e9r\u00fcnk mindenkit, aki t\u00e1j\u00e9koz\u00f3dni szeretne, vagy szem\u00e9lyre szabott \u00e1raj\u00e1nlatot szeretne k\u00e9rni, t\u00f6ltse ki az \u0171rlapot a Kapcsolat men\u00fcpontban, vagy e-mailben az info@hamorform.ro c\u00edmen, mi pedig a lehet\u0151 legr\u00f6videbb id\u0151n bel\u00fcl felvessz\u00fck \u00d6nnel a kapcsolatot.<\/p>\n","protected":false},"excerpt":{"rendered":"<p>1. Bemutatkoz\u00e1s: Jelen \u00c1ltal\u00e1nos Szerz\u0151d\u00e9si Felt\u00e9telek (&#8222;\u00c1ltal\u00e1nos Szerz\u0151d\u00e9si Felt\u00e9telek&#8221;) szab\u00e1lyozz\u00e1k a Hamorform Industry SRL, egy korl\u00e1tolt felel\u0151ss\u00e9g\u0171 t\u00e1rsas\u00e1g k\u00f6z\u00f6tti kapcsolatot, amelynek sz\u00e9khelye Szentegyh\u00e1za, Strand utca 88. sz\u00e1m, Hargita megye, Rom\u00e1nia (a tov\u00e1bbiakban: T\u00e1rsas\u00e1g) a C\u00e9gjegyz\u00e9kben a sz\u00e1mon bejegyzett. J19\/497\/2018, amelynek C.I.F.\/C.U.I. nem. 40029090 \u00e9s a www.hamorform.ro weboldalt (a tov\u00e1bbiakban: &#8222;webhely&#8221;) haszn\u00e1l\u00f3 szem\u00e9lyek (a \u201eFelhaszn\u00e1l\u00f3\u201d). A [&hellip;]<\/p>\n","protected":false},"author":1,"featured_media":0,"parent":0,"menu_order":3,"comment_status":"closed","ping_status":"closed","template":"","meta":{"footnotes":""},"class_list":["post-805","page","type-page","status-publish","hentry"],"_links":{"self":[{"href":"https:\/\/hamorform.ro\/hu\/wp-json\/wp\/v2\/pages\/805","targetHints":{"allow":["GET"]}}],"collection":[{"href":"https:\/\/hamorform.ro\/hu\/wp-json\/wp\/v2\/pages"}],"about":[{"href":"https:\/\/hamorform.ro\/hu\/wp-json\/wp\/v2\/types\/page"}],"author":[{"embeddable":true,"href":"https:\/\/hamorform.ro\/hu\/wp-json\/wp\/v2\/users\/1"}],"replies":[{"embeddable":true,"href":"https:\/\/hamorform.ro\/hu\/wp-json\/wp\/v2\/comments?post=805"}],"version-history":[{"count":0,"href":"https:\/\/hamorform.ro\/hu\/wp-json\/wp\/v2\/pages\/805\/revisions"}],"wp:attachment":[{"href":"https:\/\/hamorform.ro\/hu\/wp-json\/wp\/v2\/media?parent=805"}],"curies":[{"name":"wp","href":"https:\/\/api.w.org\/{rel}","templated":true}]}}