{"id":812,"date":"2024-02-01T12:22:00","date_gmt":"2024-02-01T10:22:00","guid":{"rendered":"https:\/\/hamor.wameleon.com\/politica-cookies\/"},"modified":"2024-03-28T14:23:43","modified_gmt":"2024-03-28T12:23:43","slug":"politica-cookies","status":"publish","type":"page","link":"https:\/\/hamorform.ro\/de\/politica-cookies\/","title":{"rendered":"Cookie-Richtlinie"},"content":{"rendered":"<p>Hamorform Industry SRL, rum\u00e4nische juristische Person mit Sitz in Vlahita, Str. Strandului 88, mit Nr. Nach der Eintragung in das Handelsregister J19\/497\/2018 senden wir Ihnen als Datenverwalter diesen Informationshinweis, um zu erkl\u00e4ren, wie wir personenbezogene Daten verarbeiten und sch\u00fctzen.<\/p>\n<p><strong>1. WAS IST EINE COOKIE-DATEI, F\u00dcR WELCHEN ZWECK WIRD SIE VERWENDET?<\/strong><\/p>\n<p>Unsere Website nutzt die Cookie-Technologie, um Ihnen einen besseren und personalisierten Webservice zu bieten. Die von den auf unserer Website verwendeten Cookie-Dateien gespeicherten Daten enthalten niemals personenbezogene Daten, anhand derer eine individuelle Identit\u00e4t festgestellt werden kann.<\/p>\n<p>Ein Cookie ist eine kleine Textdatei, die abh\u00e4ngig von den von Ihnen besuchten Websites auf der Festplatte Ihres Endger\u00e4ts (z. B. Computer, Laptop oder Smartphone) von Ihrem Webbrowser gespeichert und\/oder gelesen wird. Besuchen Sie diese. Cookies machen Ihre Interaktion mit Websites sicherer und schneller, da sie sich Ihre Pr\u00e4ferenzen (z. B. Login, Sprache) merken k\u00f6nnen<\/p>\n<p><strong>2. AUF DER IDEAL-KUNDEN-WEBSITE VERWENDETE COOKIE-DATEIEN<\/strong><\/p>\n<p>Basierend auf der Funktion und dem Zweck, f\u00fcr den Cookie-Dateien verwendet werden, werden sie in die folgenden Kategorien eingeteilt:<\/p>\n<ul>\n<li>Notwendige Cookie-Dateien erm\u00f6glichen Ihnen die Navigation auf der Website und die Nutzung ihrer Grundfunktionen. Normalerweise werden sie nur als Reaktion auf von Ihnen durchgef\u00fchrte Aktionen installiert, die einer Serviceanfrage gleichkommen. Diese Dateien sind f\u00fcr die Nutzung der Websites unverzichtbar.<\/li>\n<li>Cookie-Dateien f\u00fcr Marketing und Zielgruppenidentifizierung zeichnen Ihren Besuch auf unserer Website, die von Ihnen besuchten Seiten und die von Ihnen aufgerufenen Links auf. Wir werden diese Informationen verwenden, um relevantere Werbung bereitzustellen. Sie werden auch verwendet, um die H\u00e4ufigkeit zu begrenzen, mit der Sie eine Werbung sehen k\u00f6nnen, und um die Wirksamkeit von Werbekampagnen zu messen. Zu diesem Zweck k\u00f6nnen wir diese Informationen an Dritte (z. B. Werbeagenturen) weitergeben. Die Ablaufzeit dieser Cookie-Dateien betr\u00e4gt maximal 2 Jahre. Bei Cookies von Drittanbietern kann die Ablaufzeit variieren und in einigen F\u00e4llen mehr als 2 Jahre betragen. Weitere Einzelheiten zu dieser Kategorie von Cookies finden Sie unten in den Informationen zu Google Analytics:<\/li>\n<\/ul>\n<p><strong>Google Analytics<\/strong><\/p>\n<p>Um auf Ihre Pr\u00e4ferenzen zugeschnittene Werbung und Marketinginhalte zu erhalten, nutzt unsere Website die von Google bereitgestellten Technologien DoubleClick for Publishers (DFP) und Google Ad Exchange. Die durch die Cookie-Dateien erzeugten Informationen \u00fcber Ihre Nutzung der Website (einschlie\u00dflich Ihrer IP-Adresse) werden von Google an Server \u00fcbertragen und gespeichert, die sich in der EU, im EWR und\/oder in den Vereinigten Staaten befinden k\u00f6nnen. Auch wird Google diese Informationen gegebenenfalls an Dritte \u00fcbertragen, sofern Google hierzu gesetzlich verpflichtet ist oder soweit Dritte diese Daten im Auftrag von Google verarbeiten. Google wird Ihre IP-Adresse nicht mit anderen Daten von Google in Verbindung bringen.<\/p>\n<p>Detaillierte Informationen zu Google Analytics und dem Schutz personenbezogener Daten (einschlie\u00dflich wie Sie die an Google gesendeten Informationen kontrollieren k\u00f6nnen) finden Sie unter: https:\/\/policies.google.com\/privacy\/partners<\/p>\n<ul>\n<li>Funktionscookies werden verwendet, um Sie wiederzuerkennen, wenn Sie auf unsere Website zur\u00fcckkehren, und erm\u00f6glichen es uns, Ihnen verbesserte und personalisiertere Funktionen bereitzustellen, z. B. die Speicherung Ihrer Pr\u00e4ferenzen. Diese Cookies sammeln anonyme Informationen und k\u00f6nnen Ihr Surfverhalten auf anderen Websites nicht verfolgen. Die Ablaufzeit dieser Cookie-Dateien betr\u00e4gt maximal 2 Jahre.<\/li>\n<li>Analyse- und Leistungscookies erm\u00f6glichen es uns, Benutzer zu erkennen und zu z\u00e4hlen und Informationen dar\u00fcber zu sammeln, wie die Website genutzt wird (z. B. welche Seiten ein Benutzer am h\u00e4ufigsten \u00f6ffnet und ob der Benutzer von bestimmten Seiten Fehlermeldungen erh\u00e4lt). Dies hilft uns, die Funktionsweise unserer Website zu verbessern. Die Ablaufzeit dieser Cookie-Dateien betr\u00e4gt maximal 2 Jahre. Weitere Informationen zu dieser Kategorie von Cookies finden Sie unten.<\/li>\n<\/ul>\n<p>Unsere Websites nutzen Google Analytics, einen Webanalysedienst von Google. Google Analytics verwendet Cookie-Dateien, um einer bestimmten Website zu helfen, zu analysieren, wie Sie diese Website nutzen. Die durch die Cookie-Dateien erzeugten Informationen \u00fcber Ihre Nutzung der Website (einschlie\u00dflich Ihrer IP-Adresse) werden von Google an Server \u00fcbertragen und gespeichert, die sich in der EU, im EWR und\/oder in den Vereinigten Staaten befinden k\u00f6nnen. Google wird diese Informationen verwenden, um Ihre Nutzung der Website auszuwerten, Berichte \u00fcber Website-Aktivit\u00e4ten f\u00fcr Website-Betreiber zu erstellen und andere Dienstleistungen im Zusammenhang mit Website-Aktivit\u00e4ten und Internetnutzung bereitzustellen. Auch wird Google diese Informationen gegebenenfalls an Dritte \u00fcbertragen, sofern Google hierzu gesetzlich verpflichtet ist oder soweit Dritte diese Daten im Auftrag von Google verarbeiten. Google wird Ihre IP-Adresse nicht mit anderen Daten von Google in Verbindung bringen.<\/p>\n<p>Sie k\u00f6nnen Google Analytics deaktivieren, ohne dass dies Auswirkungen auf die Art und Weise hat, wie Sie unsere Website besuchen.<\/p>\n<p>Detaillierte Informationen zu Google Analytics und dem Schutz personenbezogener Daten (einschlie\u00dflich wie Sie die an Google gesendeten Informationen kontrollieren k\u00f6nnen) finden Sie unter: https:\/\/policies.google.com\/privacy\/partners.<\/p>\n<p>Um die \u00dcberwachung durch diese Art von Cookies zu verhindern, k\u00f6nnen Sie ein Add-in in Ihrem Webbrowser installieren (http:\/\/tools.google.com\/dlpage\/gaoptout).<\/p>\n<p>Andere Analyse- und Leistungs-Cookie-Dateien:<\/p>\n<ul>\n<li>Mithilfe von Cookies f\u00fcr soziale Netzwerke k\u00f6nnen Sie Ihre Aktivit\u00e4ten in sozialen Netzwerken wie Facebook und Twitter auf der Website teilen. Diese Cookie-Dateien unterliegen nicht unserer Kontrolle. Weitere Einzelheiten zu dieser Kategorie von Cookies finden Sie in Abschnitt 6 unten.<\/li>\n<li>Andere Arten von Cookie-Dateien, die sp\u00e4ter verwendet werden k\u00f6nnen. Wir werden Sie durch unsere aktualisierten Richtlinien informieren, wenn andere Arten von Cookies verwendet werden.<\/li>\n<li>Bitte beachten Sie, dass Hamorform Industry SRL die Dienste Dritter nutzt, um Informationen \u00fcber Ihre Nutzung unserer Website zu erhalten, um Ihr Benutzererlebnis zu optimieren und Ihnen Werbung au\u00dferhalb unserer Websites zu pr\u00e4sentieren.<\/li>\n<\/ul>\n<p><strong>3. WIE SIE COOKIE-DATEIEN KONTROLLIEREN K\u00d6NNEN<\/strong><\/p>\n<p>Sie k\u00f6nnen Ihre Einwilligung in Bezug auf Cookie-Dateien jederzeit widerrufen. Zu diesem Zweck k\u00f6nnen Sie Cookies entweder \u00fcber die Einstellungen Ihres Webbrowsers oder mithilfe von Software von Drittanbietern blockieren oder entfernen oder indem Sie die spezifischen Anweisungen f\u00fcr Cookie-Kategorien in den folgenden Abschnitten befolgen. In jedem Fall kann es bei der Deaktivierung von Cookies zu Problemen bei der Nutzung bestimmter Teile der Website kommen.<\/p>\n<p>Wenn Sie die auf Ihren Ger\u00e4ten gespeicherten Cookie-Dateien entfernen und Ihren Webbrowser so konfigurieren m\u00f6chten, dass er Cookies ablehnt, k\u00f6nnen Sie die Pr\u00e4ferenzeinstellungen in Ihrem Webbrowser verwenden. Normalerweise finden Sie die Browsereinstellungen im Zusammenhang mit Cookie-Dateien in den Men\u00fcs \u201eOptionen\u201c, \u201eExtras\u201c oder \u201eEinstellungen\u201c des Webbrowsers, den Sie f\u00fcr den Zugriff auf unsere Websites verwenden. Je nach vorhandenem Webbrowser k\u00f6nnen Cookies auf unterschiedliche Weise deaktiviert werden. Um weitere Informationen zu erhalten, besuchen Sie bitte die Website Ihres Browsers:<\/p>\n<ul>\n<li>Cookie-Einstellungen im Internet Explorer \u2013 Internet Explorer;<\/li>\n<li>Cookie-Einstellungen in Firefox \u2013 Firefox;<\/li>\n<li>Cookie-Einstellungen in Chrome \u2013 Chrome;<\/li>\n<li>Cookie-Einstellungen in Safari \u2013 Safari;<\/li>\n<li>Cookie-Einstellungen in Edge \u2013 Edge;<\/li>\n<li>Cookie-Einstellungen in Opera &#8211; Opera.<\/li>\n<\/ul>\n<p>Um mehr \u00fcber Cookies zu erfahren, besuchen Sie bitte www.allaboutcookies.org oder besuchen Sie www.youronlinechoices.eu, die zus\u00e4tzliche Informationen zu verhaltensbasierter Werbung und Online-Datenschutz enth\u00e4lt.<\/p>\n<p><strong>4. COOKIE-DATEIEN SOZIALER NETZWERKE<\/strong><\/p>\n<p>Auf einigen unserer Websites k\u00f6nnen Dritte, die Anwendungen \u00fcber diese Websites bereitstellen, ihre eigenen Cookie-Dateien platzieren, um die Leistung ihrer Anwendungen zu \u00fcberwachen oder diese Anwendungen f\u00fcr Sie zu personalisieren. Zum Beispiel, wenn Sie einen Artikel \u00fcber die Schaltfl\u00e4che \u201eTeilen\u201c verbreiten Wenn Sie soziale Netzwerke (z. B. Facebook oder Twitter) nutzen, die auf einer Website verf\u00fcgbar sind, zeichnet die mit dieser Schaltfl\u00e4che verbundene soziale Netzwerkplattform dies auf. Auf einigen Websites k\u00f6nnen auch Inhalte integriert (\u201eeingebettet\u201c) sein, beispielsweise Videoinhalte von Drittanbietern wie YouTube, und in diesem Fall k\u00f6nnen diese Drittanbieter ihrerseits ihre eigenen Cookie-Dateien platzieren.<\/p>\n<p>Auf solche Cookie-Dateien kann Hamorform Industry SRL nicht zugreifen.<\/p>\n","protected":false},"excerpt":{"rendered":"<p>Hamorform Industry SRL, rum\u00e4nische juristische Person mit Sitz in Vlahita, Str. Strandului 88, mit Nr. Nach der Eintragung in das Handelsregister J19\/497\/2018 senden wir Ihnen als Datenverwalter diesen Informationshinweis, um zu erkl\u00e4ren, wie wir personenbezogene Daten verarbeiten und sch\u00fctzen. 1. WAS IST EINE COOKIE-DATEI, F\u00dcR WELCHEN ZWECK WIRD SIE VERWENDET? Unsere Website nutzt die Cookie-Technologie, [&hellip;]<\/p>\n","protected":false},"author":1,"featured_media":0,"parent":0,"menu_order":4,"comment_status":"closed","ping_status":"closed","template":"","meta":{"footnotes":""},"class_list":["post-812","page","type-page","status-publish","hentry"],"_links":{"self":[{"href":"https:\/\/hamorform.ro\/de\/wp-json\/wp\/v2\/pages\/812","targetHints":{"allow":["GET"]}}],"collection":[{"href":"https:\/\/hamorform.ro\/de\/wp-json\/wp\/v2\/pages"}],"about":[{"href":"https:\/\/hamorform.ro\/de\/wp-json\/wp\/v2\/types\/page"}],"author":[{"embeddable":true,"href":"https:\/\/hamorform.ro\/de\/wp-json\/wp\/v2\/users\/1"}],"replies":[{"embeddable":true,"href":"https:\/\/hamorform.ro\/de\/wp-json\/wp\/v2\/comments?post=812"}],"version-history":[{"count":0,"href":"https:\/\/hamorform.ro\/de\/wp-json\/wp\/v2\/pages\/812\/revisions"}],"wp:attachment":[{"href":"https:\/\/hamorform.ro\/de\/wp-json\/wp\/v2\/media?parent=812"}],"curies":[{"name":"wp","href":"https:\/\/api.w.org\/{rel}","templated":true}]}}