{"id":804,"date":"2024-01-31T14:35:28","date_gmt":"2024-01-31T12:35:28","guid":{"rendered":"https:\/\/hamor.wameleon.com\/termeni-si-conditii\/"},"modified":"2024-03-28T13:56:56","modified_gmt":"2024-03-28T11:56:56","slug":"termeni-si-conditii","status":"publish","type":"page","link":"https:\/\/hamorform.ro\/de\/termeni-si-conditii\/","title":{"rendered":"Gesch\u00e4ftsbedingungen"},"content":{"rendered":"<p><strong>1. Einleitung:<\/strong><\/p>\n<p>Diese Allgemeinen Gesch\u00e4ftsbedingungen (\u201eAllgemeine Gesch\u00e4ftsbedingungen\u201c) regeln die Beziehungen zwischen der Firma Hamorform Industry SRL, einer Gesellschaft mit beschr\u00e4nkter Haftung mit Sitz in Vlahita, Str. Strandului 88, Kreis Harghita, Rum\u00e4nien (im Folgenden als \u201eUnternehmen\u201c bezeichnet), eingetragen im Handelsregister unter der Nr. J19\/497\/2018, mit C.I.F.\/C.U.I. NEIN. 40029090 und die Personen, die die Website www.hamorform.ro (im Folgenden als \u201eWebsite\u201c bezeichnet) nutzen (der \u201eBenutzer\u201c).<\/p>\n<p>Der Zugriff auf und die Nutzung der Website, einschlie\u00dflich aller Seiten oder Komponentenabschnitte davon, kann nur in \u00dcbereinstimmung mit diesen Allgemeinen Gesch\u00e4ftsbedingungen erfolgen, zu denen auch die Datenschutzrichtlinie und die Cookie-Richtlinie geh\u00f6ren. Um die Website zu nutzen, k\u00f6nnen wir den Benutzer bitten, sein Einverst\u00e4ndnis mit diesen Allgemeinen Gesch\u00e4ftsbedingungen durch eine bestimmte Aktion zum Ausdruck zu bringen, die die Bedeutung einer eindeutigen Zustimmung hat (z. B. durch Ankreuzen des spezifischen K\u00e4stchens \u201eIch habe die gelesen und stimme ihnen zu\u201c) GESCH\u00c4FTSBEDINGUNGEN Gesellschaft\u201c).<\/p>\n<p>Durch Aktivieren eines bestimmten Kontrollk\u00e4stchens kann der Benutzer Folgendes tun:<\/p>\n<p>Erkl\u00e4rt sich ausdr\u00fccklich damit einverstanden, alle Klauseln dieser (\u201eAllgemeinen Gesch\u00e4ftsbedingungen\u201c) einzuhalten;<br \/>\nErfahren Sie mehr \u00fcber die Bedingungen f\u00fcr die Verarbeitung personenbezogener Daten gem\u00e4\u00df der Datenschutzrichtlinie des Unternehmens.<br \/>\nWenn Sie mit den Bestimmungen dieser Allgemeinen Gesch\u00e4ftsbedingungen (einschlie\u00dflich etwaiger Aktualisierungen davon) nicht einverstanden sind, nutzen Sie die Website bitte nicht bzw. beenden Sie die Nutzung.<\/p>\n<p><strong>2. \u00c4nderungen bez\u00fcglich des Inhalts der Website:<\/strong><\/p>\n<p>Das Unternehmen Hamorform Industry SRL beh\u00e4lt sich das Recht vor, den Inhalt und\/oder die Struktur der Website jederzeit und ohne vorherige Ank\u00fcndigung zu \u00e4ndern.<\/p>\n<p><strong>3. Mangel an Gew\u00e4hrleistung und Haftungsausschluss:<\/strong><\/p>\n<p>Das Unternehmen Hamorform Industry SRL \u00fcbernimmt keine Garantie daf\u00fcr, dass die auf dieser Website erscheinenden Informationen frei von Fehlern sind, obwohl das Unternehmen alle Anstrengungen unternimmt, aktuelle und genaue Informationen zu \u00fcbermitteln.<\/p>\n<p>Das Unternehmen Hamorform Industry SRL kann rechtlich nicht f\u00fcr Sch\u00e4den, Verluste oder Verluste jeglicher Art haftbar gemacht werden, die dem Website-Benutzer durch fehlerhafte Informationen entstehen. Die Informationen auf der Website k\u00f6nnen jederzeit ge\u00e4ndert werden und es wird keine Garantie f\u00fcr die Richtigkeit, Aktualit\u00e4t oder Vollst\u00e4ndigkeit der ver\u00f6ffentlichten Informationen \u00fcbernommen.<\/p>\n<p>Das Unternehmen Hamorform Industry SRL garantiert nicht, dass die Website oder die Server, auf denen sie gehostet wird, frei von Viren oder anderen potenziell sch\u00e4dlichen Computerkomponenten sind, dass sie keine Fehler, Auslassungen, M\u00e4ngel, Verz\u00f6gerungen oder Unterbrechungen im Betrieb oder bei der \u00dcbertragung oder dergleichen enthalten andere \u00e4hnliche Faktoren.<\/p>\n<p>Der Nutzer nutzt die Website auf eigenes Risiko, wobei das Unternehmen von jeglicher Haftung f\u00fcr direkte oder indirekte Sch\u00e4den befreit ist, die durch die Nutzung, den Zugriff oder den Besuch der Website entstehen.<\/p>\n<p><strong>4. Geistige Eigentumsrechte:<\/strong><\/p>\n<p>Der Inhalt der Website des Unternehmens: Bilder, Texte, Webgrafikelemente, Skripte, Software, Designrechte, Modellrechte, Patente, Marken usw. sind Eigentum von Hamorform Industry SRL oder seinen Mitarbeitern und durch das Urheberrechtsgesetz gesch\u00fctzt und verwandte Schutzrechte sowie die Gesetze zum geistigen und gewerblichen Eigentum.<\/p>\n<p>Die Verwendung der oben aufgef\u00fchrten Elemente ohne schriftliche Zustimmung des Unternehmens ist nach geltendem Recht strafbar.<\/p>\n<p>Jeder, der sich informieren oder ein individuelles Preisangebot anfordern m\u00f6chte, wird gebeten, das Formular im Bereich \u201eKontakt\u201c auszuf\u00fcllen oder eine E-Mail an info@hamorform.ro zu senden. Wir werden uns so schnell wie m\u00f6glich mit Ihnen in Verbindung setzen.<\/p>\n","protected":false},"excerpt":{"rendered":"<p>1. Einleitung: Diese Allgemeinen Gesch\u00e4ftsbedingungen (\u201eAllgemeine Gesch\u00e4ftsbedingungen\u201c) regeln die Beziehungen zwischen der Firma Hamorform Industry SRL, einer Gesellschaft mit beschr\u00e4nkter Haftung mit Sitz in Vlahita, Str. Strandului 88, Kreis Harghita, Rum\u00e4nien (im Folgenden als \u201eUnternehmen\u201c bezeichnet), eingetragen im Handelsregister unter der Nr. J19\/497\/2018, mit C.I.F.\/C.U.I. NEIN. 40029090 und die Personen, die die Website www.hamorform.ro (im [&hellip;]<\/p>\n","protected":false},"author":1,"featured_media":0,"parent":0,"menu_order":3,"comment_status":"closed","ping_status":"closed","template":"","meta":{"footnotes":""},"class_list":["post-804","page","type-page","status-publish","hentry"],"_links":{"self":[{"href":"https:\/\/hamorform.ro\/de\/wp-json\/wp\/v2\/pages\/804","targetHints":{"allow":["GET"]}}],"collection":[{"href":"https:\/\/hamorform.ro\/de\/wp-json\/wp\/v2\/pages"}],"about":[{"href":"https:\/\/hamorform.ro\/de\/wp-json\/wp\/v2\/types\/page"}],"author":[{"embeddable":true,"href":"https:\/\/hamorform.ro\/de\/wp-json\/wp\/v2\/users\/1"}],"replies":[{"embeddable":true,"href":"https:\/\/hamorform.ro\/de\/wp-json\/wp\/v2\/comments?post=804"}],"version-history":[{"count":0,"href":"https:\/\/hamorform.ro\/de\/wp-json\/wp\/v2\/pages\/804\/revisions"}],"wp:attachment":[{"href":"https:\/\/hamorform.ro\/de\/wp-json\/wp\/v2\/media?parent=804"}],"curies":[{"name":"wp","href":"https:\/\/api.w.org\/{rel}","templated":true}]}}